{"id":12383,"date":"2022-08-11T14:23:36","date_gmt":"2022-08-11T12:23:36","guid":{"rendered":"https:\/\/www.abtunnelling.com\/contatti\/"},"modified":"2026-04-14T17:27:19","modified_gmt":"2026-04-14T15:27:19","slug":"tunnelling-services","status":"publish","type":"page","link":"https:\/\/www.abtunnelling.com\/it\/tunnelling-services\/","title":{"rendered":"Contatti"},"content":{"rendered":"\n<div class=\"et_pb_section_0 et_pb_section et_section_regular et_block_section\"><div class=\"et_pb_row_0 et_pb_row et_block_row\"><div class=\"et_pb_column_0 et_pb_column et_pb_column_4_4 et-last-child et_block_column et_pb_css_mix_blend_mode_passthrough\"><div class=\"et_pb_text_0 et_pb_text et_pb_bg_layout_light et_pb_module et_block_module et_pb_text_align_center\"><div class=\"et_pb_text_inner\"><p style=\"text-align: center;\"><nav aria-label=\"breadcrumbs\" class=\"rank-math-breadcrumb\"><p><span class=\"last\">Home<\/span><\/p><\/nav><\/p>\n<\/div><\/div><div class=\"et_pb_text_1 et_pb_text et_pb_bg_layout_light et_pb_module et_block_module\"><div class=\"et_pb_text_inner\"><p style=\"text-align: center;\">CONTATTI<\/p>\n<\/div><\/div><\/div><\/div><\/div><div class=\"et_pb_section_1 et_pb_section et_section_regular et_block_section\"><div class=\"et_pb_row_1 et_pb_row et_block_row\"><div class=\"et_pb_column_1 et_pb_column et_pb_column_4_4 et-last-child et_block_column et_pb_css_mix_blend_mode_passthrough\"><div class=\"et_pb_divider_0 et_pb_divider et_pb_space et_pb_divider_position_top et_animated et_pb_module\"><div class=\"et_pb_divider_internal\"><\/div><\/div><div class=\"et_pb_text_2 et_pb_text et_pb_bg_layout_light et_pb_module et_block_module\"><div class=\"et_pb_text_inner\"><h1 class=\"x_MsoNormal\" style=\"text-align: center;\">AB Tunnelling services: Domande, problemi<br \/>o necessit\u00e0 di approfondimento? Contattaci.<\/h1>\n<\/div><\/div><div class=\"et_pb_text_3 et_pb_text et_pb_bg_layout_light et_pb_module et_block_module\"><div class=\"et_pb_text_inner\"><p style=\"text-align: center;\">Sei un appaltatore o un operatore professionale nell\u2019ambito del tunnelling? Hai bisogno di assistenza o approfondimenti per quanto concerne taglienti per TBM, spazzole di coda, consumabili chimici per lo scavo in galleria? Hai necessit\u00e0 di informazioni per quanto riguarda stampi per conci e accessori per i rivestimenti in cemento dei tunnel? <strong>AB Tunnelling Services \u00e8 qui per te<\/strong>.<br \/>AB Tunnelling \u00e8 una dinamica societ\u00e0 italiana gi\u00e0 da diversi anni impegnata nel settore della costruzione di gallerie, con un portfolio di lavori alle spalle estremamente prestigioso e partner di altissimo livello in ambito internazionale.<\/p>\n<p style=\"text-align: center;\">Forniamo taglienti da scavo e spazzole di coda per TBM, polimeri, schiume e agenti di condizionamento del terreno per scavi in galleria efficienti e sicuri.<\/p>\n<p style=\"text-align: center;\">Non produciamo talpe meccaniche n\u00e9 costruiamo tunnel da soli: <strong>forniamo ai team di lavoro attrezzature e soluzioni specifiche e competenze essenziali che consentono di realizzare gallerie sicure, efficienti e sostenibili in tutte le condizioni geologiche<\/strong>.<\/p>\n<p style=\"text-align: center;\">Fra gli AB Tunnelling Services <strong>la consulenza, a tutti i livelli, \u00e8 uno dei nostri fiori all\u2019occhiello<\/strong>. <strong>Contattaci per scoprire come le nostre soluzioni possono ottimizzare le prestazioni del tuo scavo.<\/strong><\/p>\n<\/div><\/div><\/div><\/div><\/div>\n","protected":false},"excerpt":{"rendered":"","protected":false},"author":4,"featured_media":13110,"parent":0,"menu_order":0,"comment_status":"closed","ping_status":"closed","template":"","meta":{"footnotes":""},"class_list":["post-12383","page","type-page","status-publish","has-post-thumbnail","hentry"],"_links":{"self":[{"href":"https:\/\/www.abtunnelling.com\/it\/wp-json\/wp\/v2\/pages\/12383","targetHints":{"allow":["GET"]}}],"collection":[{"href":"https:\/\/www.abtunnelling.com\/it\/wp-json\/wp\/v2\/pages"}],"about":[{"href":"https:\/\/www.abtunnelling.com\/it\/wp-json\/wp\/v2\/types\/page"}],"author":[{"embeddable":true,"href":"https:\/\/www.abtunnelling.com\/it\/wp-json\/wp\/v2\/users\/4"}],"replies":[{"embeddable":true,"href":"https:\/\/www.abtunnelling.com\/it\/wp-json\/wp\/v2\/comments?post=12383"}],"version-history":[{"count":38,"href":"https:\/\/www.abtunnelling.com\/it\/wp-json\/wp\/v2\/pages\/12383\/revisions"}],"predecessor-version":[{"id":13385,"href":"https:\/\/www.abtunnelling.com\/it\/wp-json\/wp\/v2\/pages\/12383\/revisions\/13385"}],"wp:featuredmedia":[{"embeddable":true,"href":"https:\/\/www.abtunnelling.com\/it\/wp-json\/wp\/v2\/media\/13110"}],"wp:attachment":[{"href":"https:\/\/www.abtunnelling.com\/it\/wp-json\/wp\/v2\/media?parent=12383"}],"curies":[{"name":"wp","href":"https:\/\/api.w.org\/{rel}","templated":true}]}}