{"id":12405,"date":"2022-11-29T15:55:05","date_gmt":"2022-11-29T14:55:05","guid":{"rendered":"https:\/\/www.abtunnelling.com\/notizie\/"},"modified":"2026-04-14T17:27:30","modified_gmt":"2026-04-14T15:27:30","slug":"tunnelling-notizie","status":"publish","type":"page","link":"https:\/\/www.abtunnelling.com\/it\/tunnelling-notizie\/","title":{"rendered":"Notizie"},"content":{"rendered":"\n<div class=\"et_pb_section_0 et_pb_section et_section_regular et_block_section\"><div class=\"et_pb_row_0 et_pb_row et_block_row\"><div class=\"et_pb_column_0 et_pb_column et_pb_column_4_4 et-last-child et_block_column et_pb_css_mix_blend_mode_passthrough\"><div class=\"et_pb_text_0 et_pb_text et_pb_bg_layout_light et_pb_module et_block_module et_pb_text_align_center\"><div class=\"et_pb_text_inner\"><p style=\"text-align: center;\"><nav aria-label=\"breadcrumbs\" class=\"rank-math-breadcrumb\"><p><span class=\"last\">Home<\/span><\/p><\/nav><\/p>\n<\/div><\/div><div class=\"et_pb_text_1 et_pb_text et_pb_bg_layout_light et_pb_module et_block_module et_pb_text_align_center preset--module--divi-text--c3c1179e-80e4-4396-b700-51b845e1c46f\"><div class=\"et_pb_text_inner\"><h1>Notizie<\/h1>\n<\/div><\/div><div class=\"et_pb_blog_0 et_pb_blog et_pb_bg_layout_light et_pb_posts et_pb_module\"><div class=\"et_pb_ajax_pagination_container\"><div class=\"et_pb_posts et_grid_module\"><article class=\"et_pb_post et_pb_post_id_13242 clearfix et_pb_blog_item_0_0 post-13242 post type-post status-publish format-standard has-post-thumbnail hentry category-news\"><div class=\"et_pb_image_container\"><a href=\"https:\/\/www.abtunnelling.com\/it\/news\/galleria-rocchetta-lesperienza-di-scavo-in-arenaria-presentata-da-ab-tunnelling-al-convegno-della-sapienza\/\" class=\"entry-featured-image-url\"><img decoding=\"async\" src=\"https:\/\/www.abtunnelling.com\/wp-content\/uploads\/2026\/03\/Galleria-Rocchetta-convegno-La-Sapienza-3-AB-Tunneling.jpg\" width=\"400\" height=\"284\" alt=\"Galleria Rocchetta -convegno La Sapienza - AB Tunnelling\" class=\"\" srcset=\"https:\/\/www.abtunnelling.com\/wp-content\/uploads\/2026\/03\/Galleria-Rocchetta-convegno-La-Sapienza-3-AB-Tunneling.jpg 479w, https:\/\/www.abtunnelling.com\/wp-content\/uploads\/2026\/03\/Galleria-Rocchetta-convegno-La-Sapienza-3-AB-Tunneling-400x284.jpg 480w\" sizes=\"(max-width:479px) 479px, 100vw\" title=\"\"><span data-icon=\"\ue050\" class=\"et_overlay et_pb_inline_icon\"><\/span><\/a><\/div><h2 class=\"entry-title\"><a href=\"https:\/\/www.abtunnelling.com\/it\/news\/galleria-rocchetta-lesperienza-di-scavo-in-arenaria-presentata-da-ab-tunnelling-al-convegno-della-sapienza\/\">Galleria Rocchetta: l\u2019esperienza di scavo in arenaria presentata da AB Tunnelling al convegno della Sapienza<\/a><\/h2><p class=\"post-meta\">di <span class=\"author vcard\"><a href=\"https:\/\/www.abtunnelling.com\/it\/author\/fabriziomignani\/\" title=\"Articoli Di AB Tunnelling\" rel=\"author\">AB Tunnelling<\/a><\/span> | <span class=\"entry-categories\"><a href=\"https:\/\/www.abtunnelling.com\/it\/category\/news\/\" rel=\"tag\">News<\/a><\/span><\/p><div class=\"post-content\"><div class=\"post-content-inner\"><p>AB Tunnelling presenta al convegno della Sapienza l\u2019esperienza di scavo in arenaria nella Galleria Rocchetta, progetto della linea AV\/AC Napoli\u2013Bari realizzato con tecnologia TBM.<\/p>\n<\/div><a href=\"https:\/\/www.abtunnelling.com\/it\/news\/galleria-rocchetta-lesperienza-di-scavo-in-arenaria-presentata-da-ab-tunnelling-al-convegno-della-sapienza\/\" class=\"more-link\">leggi di pi\u00f9&#8230;<\/a><\/div><\/article><article class=\"et_pb_post et_pb_post_id_12885 clearfix et_pb_blog_item_0_1 post-12885 post type-post status-publish format-standard has-post-thumbnail hentry category-news\"><div class=\"et_pb_image_container\"><a href=\"https:\/\/www.abtunnelling.com\/it\/news\/il-ruolo-della-testa-di-taglio-della-tbm-e-dei-dischi-di-taglio\/\" class=\"entry-featured-image-url\"><img decoding=\"async\" src=\"https:\/\/www.abtunnelling.com\/wp-content\/uploads\/2025\/04\/TBM-cutter-head-AB-Tunnelling.jpeg\" width=\"400\" height=\"284\" alt=\"Il ruolo della testa di taglio della TBM e dei dischi di taglio\" class=\"\" srcset=\"https:\/\/www.abtunnelling.com\/wp-content\/uploads\/2025\/04\/TBM-cutter-head-AB-Tunnelling.jpeg 479w, https:\/\/www.abtunnelling.com\/wp-content\/uploads\/2025\/04\/TBM-cutter-head-AB-Tunnelling-400x284.jpeg 480w\" sizes=\"(max-width:479px) 479px, 100vw\" title=\"\"><span data-icon=\"\ue050\" class=\"et_overlay et_pb_inline_icon\"><\/span><\/a><\/div><h2 class=\"entry-title\"><a href=\"https:\/\/www.abtunnelling.com\/it\/news\/il-ruolo-della-testa-di-taglio-della-tbm-e-dei-dischi-di-taglio\/\">Il ruolo della testa di taglio della TBM e dei dischi di taglio<\/a><\/h2><p class=\"post-meta\">di <span class=\"author vcard\"><a href=\"https:\/\/www.abtunnelling.com\/it\/author\/fabriziomignani\/\" title=\"Articoli Di AB Tunnelling\" rel=\"author\">AB Tunnelling<\/a><\/span> | <span class=\"entry-categories\"><a href=\"https:\/\/www.abtunnelling.com\/it\/category\/news\/\" rel=\"tag\">News<\/a><\/span><\/p><div class=\"post-content\"><div class=\"post-content-inner\"><p>La testa di taglio della TBM \u00e8 un componente chiave della fresa per tunnel (TBM), direttamente responsabile dell&#8217;interazione con le formazioni geologiche durante le operazioni di scavo. La sua efficacia dipende in larga misura dall&#8217;integrazione e dalla disposizione di&#8230;<\/p>\n<\/div><a href=\"https:\/\/www.abtunnelling.com\/it\/news\/il-ruolo-della-testa-di-taglio-della-tbm-e-dei-dischi-di-taglio\/\" class=\"more-link\">leggi di pi\u00f9&#8230;<\/a><\/div><\/article><article class=\"et_pb_post et_pb_post_id_12886 clearfix et_pb_blog_item_0_2 post-12886 post type-post status-publish format-standard has-post-thumbnail hentry category-news\"><div class=\"et_pb_image_container\"><a href=\"https:\/\/www.abtunnelling.com\/it\/news\/ab-tunnelling-e-stata-premiata-come-azienda-vincente-2024\/\" class=\"entry-featured-image-url\"><img decoding=\"async\" src=\"https:\/\/www.abtunnelling.com\/wp-content\/uploads\/2024\/09\/Andrea-Bertoli-AB-Tunnelling-company-awarded-as-winning-company-2024-AB-Tunnelling-1.jpg\" width=\"400\" height=\"284\" alt=\"AB Tunnelling \u00e8 stata premiata come &#8220;azienda vincente&#8221; 2024!\" class=\"\" srcset=\"https:\/\/www.abtunnelling.com\/wp-content\/uploads\/2024\/09\/Andrea-Bertoli-AB-Tunnelling-company-awarded-as-winning-company-2024-AB-Tunnelling-1.jpg 479w, https:\/\/www.abtunnelling.com\/wp-content\/uploads\/2024\/09\/Andrea-Bertoli-AB-Tunnelling-company-awarded-as-winning-company-2024-AB-Tunnelling-1-400x284.jpg 480w\" sizes=\"(max-width:479px) 479px, 100vw\" title=\"\"><span data-icon=\"\ue050\" class=\"et_overlay et_pb_inline_icon\"><\/span><\/a><\/div><h2 class=\"entry-title\"><a href=\"https:\/\/www.abtunnelling.com\/it\/news\/ab-tunnelling-e-stata-premiata-come-azienda-vincente-2024\/\">AB Tunnelling \u00e8 stata premiata come &#8220;azienda vincente&#8221; 2024!<\/a><\/h2><p class=\"post-meta\">di <span class=\"author vcard\"><a href=\"https:\/\/www.abtunnelling.com\/it\/author\/fabriziomignani\/\" title=\"Articoli Di AB Tunnelling\" rel=\"author\">AB Tunnelling<\/a><\/span> | <span class=\"entry-categories\"><a href=\"https:\/\/www.abtunnelling.com\/it\/category\/news\/\" rel=\"tag\">News<\/a><\/span><\/p><div class=\"post-content\"><div class=\"post-content-inner\"><p>\u00c8 un onore e un grande piacere informare tutti che AB Tunnelling &#8211; macchine per la costruzione di gallerie &#8211; \u00e8 stata selezionata e premiata tra le Imprese Vincenti 2024 di Intesa Sanpaolo! &#8220;Imprese Vincenti&#8221; \u00e8 una prestigiosa iniziativa del&#8230;<\/p>\n<\/div><a href=\"https:\/\/www.abtunnelling.com\/it\/news\/ab-tunnelling-e-stata-premiata-come-azienda-vincente-2024\/\" class=\"more-link\">leggi di pi\u00f9&#8230;<\/a><\/div><\/article><article class=\"et_pb_post et_pb_post_id_12887 clearfix et_pb_blog_item_0_3 post-12887 post type-post status-publish format-standard has-post-thumbnail hentry category-news\"><div class=\"et_pb_image_container\"><a href=\"https:\/\/www.abtunnelling.com\/it\/news\/segmenti-di-tunnel-prefabbricati-limportanza-delle-guarnizioni-di-tenuta\/\" class=\"entry-featured-image-url\"><img decoding=\"async\" src=\"https:\/\/www.abtunnelling.com\/wp-content\/uploads\/2024\/09\/Sealing-gaskets-for-precast-tunnel-segments.jpg\" width=\"400\" height=\"284\" alt=\"Segmenti di tunnel prefabbricati: l&#8217;importanza delle guarnizioni di tenuta\" class=\"\" srcset=\"https:\/\/www.abtunnelling.com\/wp-content\/uploads\/2024\/09\/Sealing-gaskets-for-precast-tunnel-segments.jpg 479w, https:\/\/www.abtunnelling.com\/wp-content\/uploads\/2024\/09\/Sealing-gaskets-for-precast-tunnel-segments-400x284.jpg 480w\" sizes=\"(max-width:479px) 479px, 100vw\" title=\"\"><span data-icon=\"\ue050\" class=\"et_overlay et_pb_inline_icon\"><\/span><\/a><\/div><h2 class=\"entry-title\"><a href=\"https:\/\/www.abtunnelling.com\/it\/news\/segmenti-di-tunnel-prefabbricati-limportanza-delle-guarnizioni-di-tenuta\/\">Segmenti di tunnel prefabbricati: l&#8217;importanza delle guarnizioni di tenuta<\/a><\/h2><p class=\"post-meta\">di <span class=\"author vcard\"><a href=\"https:\/\/www.abtunnelling.com\/it\/author\/fabriziomignani\/\" title=\"Articoli Di AB Tunnelling\" rel=\"author\">AB Tunnelling<\/a><\/span> | <span class=\"entry-categories\"><a href=\"https:\/\/www.abtunnelling.com\/it\/category\/news\/\" rel=\"tag\">News<\/a><\/span><\/p><div class=\"post-content\"><div class=\"post-content-inner\"><p>Nella costruzione di gallerie, gli accessori e le guarnizioni di tenuta hanno il ruolo di fissare e comporre il rivestimento nei segmenti di tunnel prefabbricati, garantendo un&#8217;adeguata connessione tra gli anelli successivi, la loro relativa impermeabilizzazione&#8230;<\/p>\n<\/div><a href=\"https:\/\/www.abtunnelling.com\/it\/news\/segmenti-di-tunnel-prefabbricati-limportanza-delle-guarnizioni-di-tenuta\/\" class=\"more-link\">leggi di pi\u00f9&#8230;<\/a><\/div><\/article><\/div><div class=\"pagination clearfix\">\n\t<div class=\"alignleft\"><\/div>\n\t<div class=\"alignright\"><\/div>\n<\/div><\/div><\/div><\/div><\/div><\/div>\n","protected":false},"excerpt":{"rendered":"","protected":false},"author":4,"featured_media":0,"parent":0,"menu_order":0,"comment_status":"closed","ping_status":"closed","template":"","meta":{"footnotes":""},"class_list":["post-12405","page","type-page","status-publish","hentry"],"_links":{"self":[{"href":"https:\/\/www.abtunnelling.com\/it\/wp-json\/wp\/v2\/pages\/12405","targetHints":{"allow":["GET"]}}],"collection":[{"href":"https:\/\/www.abtunnelling.com\/it\/wp-json\/wp\/v2\/pages"}],"about":[{"href":"https:\/\/www.abtunnelling.com\/it\/wp-json\/wp\/v2\/types\/page"}],"author":[{"embeddable":true,"href":"https:\/\/www.abtunnelling.com\/it\/wp-json\/wp\/v2\/users\/4"}],"replies":[{"embeddable":true,"href":"https:\/\/www.abtunnelling.com\/it\/wp-json\/wp\/v2\/comments?post=12405"}],"version-history":[{"count":5,"href":"https:\/\/www.abtunnelling.com\/it\/wp-json\/wp\/v2\/pages\/12405\/revisions"}],"predecessor-version":[{"id":13394,"href":"https:\/\/www.abtunnelling.com\/it\/wp-json\/wp\/v2\/pages\/12405\/revisions\/13394"}],"wp:attachment":[{"href":"https:\/\/www.abtunnelling.com\/it\/wp-json\/wp\/v2\/media?parent=12405"}],"curies":[{"name":"wp","href":"https:\/\/api.w.org\/{rel}","templated":true}]}}