{"id":12425,"date":"2024-05-24T12:28:07","date_gmt":"2024-05-24T10:28:07","guid":{"rendered":"https:\/\/www.abtunnelling.com\/stampi-per-segmenti-di-tunnel\/"},"modified":"2026-04-14T17:27:41","modified_gmt":"2026-04-14T15:27:41","slug":"casseri-per-gallerie","status":"publish","type":"page","link":"https:\/\/www.abtunnelling.com\/it\/casseri-per-gallerie\/","title":{"rendered":"Casseri per gallerie"},"content":{"rendered":"\n<div class=\"et_pb_section_0 et_pb_section et_section_regular et_block_section\"><div class=\"et_pb_row_0 et_pb_row et_block_row\"><div class=\"et_pb_column_0 et_pb_column et_pb_column_4_4 et-last-child et_block_column et_pb_css_mix_blend_mode_passthrough\"><div class=\"et_pb_text_0 et_pb_text et_pb_bg_layout_light et_pb_module et_block_module et_pb_text_align_center\"><div class=\"et_pb_text_inner\"><p style=\"text-align: center;\"><nav aria-label=\"breadcrumbs\" class=\"rank-math-breadcrumb\"><p><span class=\"last\">Home<\/span><\/p><\/nav><\/p>\n<\/div><\/div><div class=\"et_pb_text_1 et_pb_text et_pb_bg_layout_light et_pb_module et_block_module et_pb_text_align_center\"><div class=\"et_pb_text_inner\"><p style=\"text-align: center;\">CASSERI PER GALLERIE<\/p>\n<h1>Soluzioni di alta precisione per la produzione di conci per gallerie<\/h1>\n<\/div><\/div><\/div><\/div><\/div><div class=\"et_pb_section_1 et_pb_section et_section_regular et_block_section\"><div class=\"et_pb_row_1 et_pb_row et_block_row\"><div class=\"et_pb_column_1 et_pb_column et_pb_column_4_4 et-last-child et_block_column et_pb_css_mix_blend_mode_passthrough\"><div class=\"et_pb_divider_0 et_pb_divider et_pb_space et_pb_divider_position_top et_animated et_pb_module\"><div class=\"et_pb_divider_internal\"><\/div><\/div><div class=\"et_pb_text_2 et_pb_text et_pb_bg_layout_light et_pb_module et_block_module\"><div class=\"et_pb_text_inner\"><h2 style=\"text-align: center;\"><span style=\"color: #ff9900;\">Conci prefabbricati per gallerie a regola d'arte<\/span><\/h2>\n<\/div><\/div><\/div><\/div><\/div><div class=\"et_pb_section_2 et_pb_section et_section_regular et_block_section\"><div class=\"et_pb_row_2 et_pb_row et_pb_equal_columns et_pb_gutters1 et_block_row et_pb_row_fullwidth\"><div class=\"et_pb_column_2 et_pb_column et_pb_column_1_2 et_block_column et_pb_css_mix_blend_mode_passthrough\"><div class=\"et_pb_text_3 et_pb_text et_pb_bg_layout_light et_pb_module et_block_module\"><div class=\"et_pb_text_inner\"><h2><span style=\"color: #ff9900;\">Korea Mould: eccellenza mondiale nella produzione di casseri per gallerie<\/span><span class=\"s1\"><br \/><\/span><\/h2>\n<p><strong>AB Tunnelling<\/strong> \u00e8 <strong>rappresentante esclusivo per l'Italia e partner di servizi per l'Europa di Korea Mould Co., Ltd<\/strong>., azienda rinomata a livello mondiale specializzata in <strong>casseri per gallerie ad alta precisione per la produzione di conci prefabbricati in calcestruzzo<\/strong>.<\/p>\n<p>Grazie a decenni di esperienza, Korea Mould fornisce <strong>casseri per calcestruzzo robusti, durevoli e progettati con precisione<\/strong>, in grado di assicurare la realizzazione di conci per gallerie solidi e perfetti. I casseri in acciaio prodotti da Korea Mould sono adatti per la costruzione di infrastrutture prefabbricate per metropolitane, tunnel stradali e sistemi idraulici, garantendo un'altissima affidabilit\u00e0 a lungo termine.<\/p>\n<p><strong>Korea Mould<\/strong> produce e fornisce:<\/p>\n<p>- <strong>casseri in acciaio di alta qualit\u00e0 per la produzione di conci prefabbricati in calcestruzzo per gallerie <\/strong>- I servizi includono la progettazione, la fabbricazione e i controlli dimensionali e topografici del caso; la ristrutturazione di casseri per conci preesistenti.<\/p>\n<p>- <strong>impianti di produzione di casseri<\/strong> - A carosello o a sistema statico. Attrezzature per la movimentazione dei singoli conci: dispositivi di sollevamento (di tipo meccanico oppure vacuum); dispositivi di rotazione dei conci; dispositivi a doppia azione per la combinazione di sollevamento e rotazione.<\/p>\n<p>- <strong>servizi di consulenza<\/strong> per la produzione dei conci, la movimentazione, lo stoccaggio e la configurazione dell\u2019impianto produttivo.<\/p>\n<p>&gt; Stai cercando casseri di altissima qualit\u00e0 per la produzione di conci per gallerie?<span style=\"color: #ff9900;\"> <strong><a href=\"https:\/\/www.abtunnelling.com\/it\/contatti\/\" style=\"color: #ff9900;\">Contattaci, siamo i primi referenti per Korea Mould in Italia e in Europa<\/a><\/strong>.<\/span><\/p>\n<\/div><\/div><div class=\"et_pb_module et_pb_button_module_wrapper et_pb_button_0_wrapper\"><a class=\"et_pb_button_0 et_pb_button et_pb_bg_layout_light et_pb_module et_block_module\" href=\"https:\/\/www.abtunnelling.com\/it\/contatti\/\" target=\"_blank\">contattaci<\/a><\/div><\/div><div class=\"et_pb_column_3 et_pb_column et_pb_column_1_2 et-last-child et_block_column et_pb_column_empty et_pb_css_mix_blend_mode_passthrough\"><\/div><\/div><div class=\"et_pb_row_3 et_pb_row et_pb_equal_columns et_pb_gutters1 et_block_row et_pb_row_fullwidth\"><div class=\"et_pb_column_4 et_pb_column et_pb_column_1_2 et_block_column et_pb_column_empty et_pb_css_mix_blend_mode_passthrough\"><\/div><div class=\"et_pb_column_5 et_pb_column et_pb_column_1_2 et-last-child et_block_column et_pb_css_mix_blend_mode_passthrough\"><div class=\"et_pb_text_4 et_pb_text et_pb_bg_layout_light et_pb_module et_block_module\"><div class=\"et_pb_text_inner\"><h2 style=\"text-align: left;\"><span style=\"color: #ff9900;\">conci per gallerie: la necessit\u00e0 che siano prodotti nel modo giusto<\/span><\/h2>\n<\/div><\/div><div class=\"et_pb_text_5 et_pb_text et_pb_bg_layout_light et_pb_module et_block_module\"><div class=\"et_pb_text_inner\"><p>La qualit\u00e0 dei conci per gallerie \u00e8 fondamentale per la stabilit\u00e0 e la longevit\u00e0 dell'infrastrutture. I casseri in acciaio di AB Tunnelling garantiscono <strong>un'elevata precisione geometrica, ottimizzando la velocit\u00e0 di assemblaggio e l'integrit\u00e0 strutturale<\/strong> dei segmenti in calcestruzzo.<\/p>\n<p>I principali vantaggi dei sistemi di stampaggio Korea Mould:<\/p>\n<p>- <strong>Alta precisione<\/strong> per il rivestimento continuo del tunnel.<br \/>- <strong>Robusta struttura in acciaio<\/strong> per cicli di produzione prolungati.<br \/>- <strong>Configurazioni personalizzate<\/strong> per soddisfare i requisiti specifici del progetto.<br \/>- <strong>Efficienza produttiva ottimizzata<\/strong>, riduzione dei tempi di polimerizzazione.<\/p>\n<p>Progettati per processi di colata sia manuali che automatizzati, i nostri conci per tunnel prefabbricati consentono ai produttori di <strong>soddisfare gli standard di durata ed efficienza pi\u00f9 elevati del settore<\/strong>.<\/p>\n<p>&gt;Vuoi migliorare la tua produzione di conci prefabbricati in calcestruzzo per tunnel? <span style=\"color: #ff9900;\"><strong><a href=\"https:\/\/www.abtunnelling.com\/it\/contatti\/\" style=\"color: #ff9900;\">Contattaci per ricevere soluzioni personalizzate<\/a><\/strong>.<\/span><\/p>\n<\/div><\/div><div class=\"et_pb_module et_pb_button_module_wrapper et_pb_button_1_wrapper\"><a class=\"et_pb_button_1 et_pb_button et_pb_bg_layout_light et_pb_module et_block_module\" href=\"https:\/\/www.abtunnelling.com\/wp-content\/uploads\/2024\/05\/KOREA-MOULD_SEGMENT-MOULDS-tds_standard.pdf\">Scarica la scheda tecnica<\/a><\/div><div class=\"et_pb_module et_pb_button_module_wrapper et_pb_button_2_wrapper\"><a class=\"et_pb_button_2 et_pb_button et_pb_bg_layout_light et_pb_module et_block_module\" href=\"https:\/\/www.abtunnelling.com\/wp-content\/uploads\/2024\/05\/KOREA-MOULD-Company-Profile-Track-Record-2024.pdf\" target=\"_blank\">Profilo aziendale e certificazioni<\/a><\/div><\/div><\/div><div class=\"et_pb_row_4 et_pb_row et_pb_equal_columns et_pb_gutters1 et_block_row et_pb_row_fullwidth\"><div class=\"et_pb_column_6 et_pb_column et_pb_column_1_2 et_block_column et_pb_css_mix_blend_mode_passthrough\"><div class=\"et_pb_text_6 et_pb_text et_pb_bg_layout_light et_pb_module et_block_module\"><div class=\"et_pb_text_inner\"><h2 style=\"text-align: left;\"><span style=\"color: #ff9900;\">soluzioni di movimentazione integrate per conci prefabbricati in calcestruzzo<\/span><\/h2>\n<\/div><\/div><div class=\"et_pb_text_7 et_pb_text et_pb_bg_layout_light et_pb_module et_block_module\"><div class=\"et_pb_text_inner\"><p>Una movimentazione efficiente \u00e8 essenziale per un processo di prefabbricazione sicuro e accurato. A complemento delle tecnologie di formatura, AB Tunnelling, grazie a Korea Mould, \u00e8 in grado di fornire <strong>attrezzature per la movimentazione dei conci<\/strong> appositamente progettate per gestire professionalmente il sollevamento e la rotazione degli elementi.<\/p>\n<p>Le nostre soluzioni di movimentazione includono:<\/p>\n<p>- Sistemi di sollevamento idraulico e meccanico per conci prefabbricati in calcestruzzo.<br \/>- Attrezzature progettate per migliorare la sicurezza e l'efficienza operativa.<\/p>\n<p>Integrando stampi ad alta precisione con sistemi di movimentazione avanzati, aiutiamo le imprese edili e gli appaltatori di scavi a <strong>realizzare i progetti pi\u00f9 velocemente, a ridurre i costi e a migliorare gli standard di sicurezza.<\/strong><\/p>\n<p>&gt; Hai bisogno di una soluzione completa per lo stampaggio e la movimentazione di conci? <span style=\"color: #ff9900;\"><strong><a href=\"https:\/\/www.abtunnelling.com\/it\/contatti\/\" style=\"color: #ff9900;\">Contattaci oggi stesso!<\/a><\/strong><\/span><\/p>\n<\/div><\/div><div class=\"et_pb_module et_pb_button_module_wrapper et_pb_button_3_wrapper\"><a class=\"et_pb_button_3 et_pb_button et_pb_bg_layout_light et_pb_module et_block_module\" href=\"https:\/\/www.abtunnelling.com\/it\/contatti\/\" target=\"_blank\">contattaci<\/a><\/div><\/div><div class=\"et_pb_column_7 et_pb_column et_pb_column_1_2 et-last-child et_block_column et_pb_column_empty et_pb_css_mix_blend_mode_passthrough\"><\/div><\/div><div class=\"et_pb_row_5 et_pb_row et_pb_equal_columns et_pb_gutters1 et_block_row et_pb_row_fullwidth\"><div class=\"et_pb_column_8 et_pb_column et_pb_column_1_2 et_block_column et_pb_column_empty et_pb_css_mix_blend_mode_passthrough\"><\/div><div class=\"et_pb_column_9 et_pb_column et_pb_column_1_2 et-last-child et_block_column et_pb_css_mix_blend_mode_passthrough\"><div class=\"et_pb_text_8 et_pb_text et_pb_bg_layout_light et_pb_module et_block_module\"><div class=\"et_pb_text_inner\"><h2 style=\"text-align: left;\"><span style=\"color: #ff9900;\">perch\u00e8 scegliere ab tunneling per il rivestimento prefabbricato di una galleria?<\/span><\/h2>\n<\/div><\/div><div class=\"et_pb_text_9 et_pb_text et_pb_bg_layout_light et_pb_module et_block_module\"><div class=\"et_pb_text_inner\"><p class=\"p1\">- <strong>Fornitore chiave in Italia e in Europa di Korea Mould,<\/strong> leader nella tecnologia dei casseri per gallerie.<\/p>\n<p class=\"p1\">- <strong>Competenza comprovata<\/strong>: anni di esperienza in soluzioni per tunnel prefabbricati.<\/p>\n<p class=\"p1\">- <strong>Ingegneria di precisione<\/strong>: casseri progettati per la massima precisione e durata.<\/p>\n<p class=\"p1\">- <strong>Efficienza e risparmio<\/strong>: processi produttivi e sistemi di movimentazione ottimizzati.<\/p>\n<p class=\"p1\">&gt; <span class=\"s1\">Vuoi<\/span> ottimizzare la costruzione di gallerie<span class=\"s2\"> <\/span>con casseri per conci ad alte prestazioni? <span style=\"color: #ff9900;\"><a href=\"https:\/\/www.abtunnelling.com\/it\/contatti\/\" style=\"color: #ff9900;\"><strong>Contatta il nostro team per maggiori dettagli!<\/strong><\/a><\/span><\/p>\n<\/div><\/div><div class=\"et_pb_module et_pb_button_module_wrapper et_pb_button_4_wrapper\"><a class=\"et_pb_button_4 et_pb_button et_pb_bg_layout_light et_pb_module et_block_module\" href=\"https:\/\/www.abtunnelling.com\/it\/contatti\/\" target=\"_blank\">contattaci<\/a><\/div><\/div><\/div><\/div><div class=\"et_pb_section_3 et_pb_section et_section_regular et_block_section\"><div class=\"et_pb_row_6 et_pb_row et_block_row\"><div class=\"et_pb_column_10 et_pb_column et_pb_column_4_4 et-last-child et_block_column et_pb_css_mix_blend_mode_passthrough\"><div class=\"et_pb_divider_1 et_pb_divider et_pb_space et_pb_divider_position_top et_animated et_pb_module\"><div class=\"et_pb_divider_internal\"><\/div><\/div><div class=\"et_pb_text_10 et_pb_text et_pb_bg_layout_light et_clickable et_pb_module et_block_module\"><div class=\"et_pb_text_inner\"><h2 class=\"color-blue\" style=\"text-align: center;\"><span style=\"color: #ff9900;\">PARTNER<\/span><\/h2>\n<\/div><\/div><div class=\"et_pb_module et_d4_element dica_divi_carousel dica_divi_carousel_0\">\n\t\t\t\t\n\t\t\t\t\n\t\t\t\t\n\t\t\t\t\n\t\t\t\t\n\t\t\t\t\n\t\t\t\t<div class=\"et_pb_module_inner\">\n\t\t\t\t\t<div class=\"dica-container  desktop_middle-inside tablet_middle-inside mobile_middle-inside\" data-props='{\"desktop\":\"5\",\"tablet\":\"3\",\"mobile\":\"1\",\"speed\":\"500\",\"arrow\":\"off\",\"dots\":\"off\",\"autoplay\":\"on\",\"autoSpeed\":\"1000\",\"loop\":\"on\",\"item_spacing\":\"30\",\"center_mode\":\"off\",\"slider_effec\":\"1\",\"cover_rotate\":\"50\",\"pause_onhover\":\"off\",\"multislide\":\"off\",\"cfshadow\":\"on\",\"order\":\"0\",\"lazyload\":\"off\",\"lazybefore\":\"off\",\"scroller_effect\":\"off\",\"autowidth\":\"off\",\"item_spacing_tablet\":\"30\",\"item_spacing_phone\":\"30\",\"scroller_speed\":\"4000\",\"hashNavigation\":\"off\",\"simulatetouch\":\"off\",\"allowtouchmove\":\"off\",\"slide_row\":\"1\",\"slide_row_tablet\":\"1\",\"slide_row_phone\":\"1\",\"keyboard\":\"off\",\"mousewheel\":\"off\",\"autoplay_viewport\":\"80%\"}'>\n\t\t\t\t\t\t\t \t<div class=\"swiper-container\" >\n\t\t\t\t\t\t\t\t\t<div class=\"swiper-wrapper\"><div class=\"et_pb_module et_d4_element dica_divi_carouselitem dica_divi_carouselitem_0  et_pb_css_mix_blend_mode\">\n\t\t\t\t\n\t\t\t\t\n\t\t\t\t\n\t\t\t\t\n\t\t\t\t\n\t\t\t\t\n\t\t\t\t<div class=\"et_pb_module_inner\">\n\t\t\t\t\t <div class=\"dica-item empty-content image_top\"   data-hash=\"dica_divi_carouselitem_0\">\n\t\t\t\t\t\t\t\t\t<div class=\"dica-image-container\"><span class=\"image\"><img decoding=\"async\" src=\"https:\/\/www.abtunnelling.com\/wp-content\/uploads\/2022\/09\/ab-tunneling-17.png\" srcset=\"https:\/\/www.abtunnelling.com\/wp-content\/uploads\/2022\/09\/ab-tunneling-17.png 1000w, https:\/\/www.abtunnelling.com\/wp-content\/uploads\/2022\/09\/ab-tunneling-17-300x70.png 300w, https:\/\/www.abtunnelling.com\/wp-content\/uploads\/2022\/09\/ab-tunneling-17-768x180.png 768w\" alt=\"\" class=\"dica-item-image\" width=\"1000\" height=\"234\" title=\"\"><\/span><\/div>\n\t\t\t\t\t\t\t\t\t\n\t\t\t\t\t\t\t<\/div>\n\t\t\t\t<\/div>\n\t\t\t<\/div><div class=\"et_pb_module et_d4_element dica_divi_carouselitem dica_divi_carouselitem_1  et_pb_css_mix_blend_mode\">\n\t\t\t\t\n\t\t\t\t\n\t\t\t\t\n\t\t\t\t\n\t\t\t\t\n\t\t\t\t\n\t\t\t\t<div class=\"et_pb_module_inner\">\n\t\t\t\t\t <div class=\"dica-item empty-content image_top\"   data-hash=\"dica_divi_carouselitem_1\">\n\t\t\t\t\t\t\t\t\t<div class=\"dica-image-container\"><span class=\"image\"><img decoding=\"async\" src=\"https:\/\/www.abtunnelling.com\/wp-content\/uploads\/2022\/11\/Base-Loghi-Rettangoalre_0000_Livello-5.jpg\" srcset=\"https:\/\/www.abtunnelling.com\/wp-content\/uploads\/2022\/11\/Base-Loghi-Rettangoalre_0000_Livello-5.jpg 1000w, https:\/\/www.abtunnelling.com\/wp-content\/uploads\/2022\/11\/Base-Loghi-Rettangoalre_0000_Livello-5-300x70.jpg 300w, https:\/\/www.abtunnelling.com\/wp-content\/uploads\/2022\/11\/Base-Loghi-Rettangoalre_0000_Livello-5-768x180.jpg 768w\" alt=\"\" class=\"dica-item-image\" width=\"1000\" height=\"234\" title=\"\"><\/span><\/div>\n\t\t\t\t\t\t\t\t\t\n\t\t\t\t\t\t\t<\/div>\n\t\t\t\t<\/div>\n\t\t\t<\/div><div class=\"et_pb_module et_d4_element dica_divi_carouselitem dica_divi_carouselitem_2  et_pb_css_mix_blend_mode\">\n\t\t\t\t\n\t\t\t\t\n\t\t\t\t\n\t\t\t\t\n\t\t\t\t\n\t\t\t\t\n\t\t\t\t<div class=\"et_pb_module_inner\">\n\t\t\t\t\t <div class=\"dica-item empty-content image_top\"   data-hash=\"dica_divi_carouselitem_2\">\n\t\t\t\t\t\t\t\t\t<div class=\"dica-image-container\"><span class=\"image\"><img decoding=\"async\" src=\"https:\/\/www.abtunnelling.com\/wp-content\/uploads\/2022\/11\/Base-Loghi-Rettangoalre_0003_Livello-2.jpg\" srcset=\"https:\/\/www.abtunnelling.com\/wp-content\/uploads\/2022\/11\/Base-Loghi-Rettangoalre_0003_Livello-2.jpg 1000w, https:\/\/www.abtunnelling.com\/wp-content\/uploads\/2022\/11\/Base-Loghi-Rettangoalre_0003_Livello-2-300x70.jpg 300w, https:\/\/www.abtunnelling.com\/wp-content\/uploads\/2022\/11\/Base-Loghi-Rettangoalre_0003_Livello-2-768x180.jpg 768w\" alt=\"\" class=\"dica-item-image\" width=\"1000\" height=\"234\" title=\"\"><\/span><\/div>\n\t\t\t\t\t\t\t\t\t\n\t\t\t\t\t\t\t<\/div>\n\t\t\t\t<\/div>\n\t\t\t<\/div><div class=\"et_pb_module et_d4_element dica_divi_carouselitem dica_divi_carouselitem_3  et_pb_css_mix_blend_mode\">\n\t\t\t\t\n\t\t\t\t\n\t\t\t\t\n\t\t\t\t\n\t\t\t\t\n\t\t\t\t\n\t\t\t\t<div class=\"et_pb_module_inner\">\n\t\t\t\t\t <div class=\"dica-item empty-content image_top\"   data-hash=\"dica_divi_carouselitem_3\">\n\t\t\t\t\t\t\t\t\t<div class=\"dica-image-container\"><span class=\"image\"><img decoding=\"async\" src=\"https:\/\/www.abtunnelling.com\/wp-content\/uploads\/2022\/11\/Base-Loghi-Rettangoalre_0002_Livello-3.jpg\" srcset=\"https:\/\/www.abtunnelling.com\/wp-content\/uploads\/2022\/11\/Base-Loghi-Rettangoalre_0002_Livello-3.jpg 1000w, https:\/\/www.abtunnelling.com\/wp-content\/uploads\/2022\/11\/Base-Loghi-Rettangoalre_0002_Livello-3-300x70.jpg 300w, https:\/\/www.abtunnelling.com\/wp-content\/uploads\/2022\/11\/Base-Loghi-Rettangoalre_0002_Livello-3-768x180.jpg 768w\" alt=\"\" class=\"dica-item-image\" width=\"1000\" height=\"234\" title=\"\"><\/span><\/div>\n\t\t\t\t\t\t\t\t\t\n\t\t\t\t\t\t\t<\/div>\n\t\t\t\t<\/div>\n\t\t\t<\/div><div class=\"et_pb_module et_d4_element dica_divi_carouselitem dica_divi_carouselitem_4  et_pb_css_mix_blend_mode\">\n\t\t\t\t\n\t\t\t\t\n\t\t\t\t\n\t\t\t\t\n\t\t\t\t\n\t\t\t\t\n\t\t\t\t<div class=\"et_pb_module_inner\">\n\t\t\t\t\t <div class=\"dica-item empty-content image_top\"   data-hash=\"dica_divi_carouselitem_4\">\n\t\t\t\t\t\t\t\t\t<div class=\"dica-image-container\"><span class=\"image\"><img decoding=\"async\" src=\"https:\/\/www.abtunnelling.com\/wp-content\/uploads\/2022\/11\/Base-Loghi-Rettangoalre_0001_Livello-4.jpg\" srcset=\"https:\/\/www.abtunnelling.com\/wp-content\/uploads\/2022\/11\/Base-Loghi-Rettangoalre_0001_Livello-4.jpg 1000w, https:\/\/www.abtunnelling.com\/wp-content\/uploads\/2022\/11\/Base-Loghi-Rettangoalre_0001_Livello-4-300x70.jpg 300w, https:\/\/www.abtunnelling.com\/wp-content\/uploads\/2022\/11\/Base-Loghi-Rettangoalre_0001_Livello-4-768x180.jpg 768w\" alt=\"\" class=\"dica-item-image\" width=\"1000\" height=\"234\" title=\"\"><\/span><\/div>\n\t\t\t\t\t\t\t\t\t\n\t\t\t\t\t\t\t<\/div>\n\t\t\t\t<\/div>\n\t\t\t<\/div><div class=\"et_pb_module et_d4_element dica_divi_carouselitem dica_divi_carouselitem_5  et_pb_css_mix_blend_mode\">\n\t\t\t\t\n\t\t\t\t\n\t\t\t\t\n\t\t\t\t\n\t\t\t\t\n\t\t\t\t\n\t\t\t\t<div class=\"et_pb_module_inner\">\n\t\t\t\t\t <div class=\"dica-item empty-content image_top\"   data-hash=\"dica_divi_carouselitem_5\">\n\t\t\t\t\t\t\t\t\t<div class=\"dica-image-container\"><span class=\"image\"><img decoding=\"async\" src=\"https:\/\/www.abtunnelling.com\/wp-content\/uploads\/2024\/05\/ECORATIO-logo-2.jpg\" srcset=\"https:\/\/www.abtunnelling.com\/wp-content\/uploads\/2024\/05\/ECORATIO-logo-2.jpg 1024w, https:\/\/www.abtunnelling.com\/wp-content\/uploads\/2024\/05\/ECORATIO-logo-2-980x274.jpg 980w, https:\/\/www.abtunnelling.com\/wp-content\/uploads\/2024\/05\/ECORATIO-logo-2-480x134.jpg 480w\" alt=\"\" class=\"dica-item-image\" width=\"1024\" height=\"286\" title=\"\"><\/span><\/div>\n\t\t\t\t\t\t\t\t\t\n\t\t\t\t\t\t\t<\/div>\n\t\t\t\t<\/div>\n\t\t\t<\/div><\/div>\t\n\t\t\t\t\t\t\t\t<\/div>\t\n\t\t\t\t\t\t\t\t\n\t\t\t\t\t\t\t\t\t\t\t\t\t\t\n\t\t\t\t\t\t\t<\/div>\n\t\t\t\t<\/div>\n\t\t\t<\/div><\/div><\/div><\/div>\n","protected":false},"excerpt":{"rendered":"","protected":false},"author":4,"featured_media":13106,"parent":0,"menu_order":0,"comment_status":"closed","ping_status":"closed","template":"","meta":{"_et_pb_use_builder":"on","_et_pb_old_content":"","_et_gb_content_width":"","footnotes":""},"class_list":["post-12425","page","type-page","status-publish","has-post-thumbnail","hentry"],"_links":{"self":[{"href":"https:\/\/www.abtunnelling.com\/it\/wp-json\/wp\/v2\/pages\/12425","targetHints":{"allow":["GET"]}}],"collection":[{"href":"https:\/\/www.abtunnelling.com\/it\/wp-json\/wp\/v2\/pages"}],"about":[{"href":"https:\/\/www.abtunnelling.com\/it\/wp-json\/wp\/v2\/types\/page"}],"author":[{"embeddable":true,"href":"https:\/\/www.abtunnelling.com\/it\/wp-json\/wp\/v2\/users\/4"}],"replies":[{"embeddable":true,"href":"https:\/\/www.abtunnelling.com\/it\/wp-json\/wp\/v2\/comments?post=12425"}],"version-history":[{"count":113,"href":"https:\/\/www.abtunnelling.com\/it\/wp-json\/wp\/v2\/pages\/12425\/revisions"}],"predecessor-version":[{"id":13400,"href":"https:\/\/www.abtunnelling.com\/it\/wp-json\/wp\/v2\/pages\/12425\/revisions\/13400"}],"wp:featuredmedia":[{"embeddable":true,"href":"https:\/\/www.abtunnelling.com\/it\/wp-json\/wp\/v2\/media\/13106"}],"wp:attachment":[{"href":"https:\/\/www.abtunnelling.com\/it\/wp-json\/wp\/v2\/media?parent=12425"}],"curies":[{"name":"wp","href":"https:\/\/api.w.org\/{rel}","templated":true}]}}